{"id":3,"date":"2022-08-02T21:01:17","date_gmt":"2022-08-02T21:01:17","guid":{"rendered":"https:\/\/brasil.bioana.com\/?page_id=3"},"modified":"2023-10-04T01:54:21","modified_gmt":"2023-10-04T04:54:21","slug":"politica-entrega-frete","status":"publish","type":"page","link":"https:\/\/mercadobrasiltropical.com\/en\/politica-entrega-frete\/","title":{"rendered":"Pol\u00edtica de Entrega e Frete"},"content":{"rendered":"<h4 class=\"wp-block-heading\"><strong>Sobre Entrega e Frete\/Porte<\/strong><\/h4>\n\n\n\n<p>O valor do frete \u00e9 calculado automaticamente, a partir dos produtos selecionados por voc\u00ea e do C\u00f3digo Postal da entrega que voc\u00ea cadastrou. A informa\u00e7\u00e3o do valor do frete j\u00e1 calculado para determinado endere\u00e7o e determinados produtos aparece para voc\u00ea no momento de finaliza\u00e7\u00e3o da compra no Site. Lembrando que o peso total do envio inclue as embalagens dos pr\u00f3prios produtos e da caixa para o referido envio, e n\u00e3o apenas o peso liquido de cada produto.<\/p>\n\n\n\n<h4 class=\"wp-block-heading\"><strong>Posso alterar meu endere\u00e7o de entrega?<\/strong><\/h4>\n\n\n\n<p>Sim. \u00c9 permitido que o endere\u00e7o seja alterado desde que o pedido n\u00e3o tenha sido recolhido pela empresa respons\u00e1vel pelo transporte. Caso a mudan\u00e7a de endere\u00e7o cause altera\u00e7\u00e3o de valor o mesmo ser\u00e1 repassado ao cliente para aprova\u00e7\u00e3o e pagamento.<\/p>\n\n\n\n<h4 class=\"wp-block-heading\"><strong>Como \u00e9 o procedimento da entrega ?<\/strong><\/h4>\n\n\n\n<p>A empresa DHL far\u00e1 a entrega em hor\u00e1rio comercial no endere\u00e7o indicado na etiqueta, caso n\u00e3o tenha ningu\u00e9m no referido endere\u00e7o a mesma entregar\u00e1 em um Servic Point mais pr\u00f3ximo e somente a pessoa poder\u00e1 fazer a recolha no local indicado por eles. Se n\u00e3o for recolhido no prazo estipulado por eles , eles far\u00e3o a devolu\u00e7\u00e3o ao remetente nos cobrando uma nova taxa de envio. Estas informa\u00e7\u00f5es de envio voc\u00ea poder\u00e1 acompanhar atrav\u00e9s do e-mail que receber\u00e1 do DHL, caso n\u00e3o receba favor contactar a nossa loja que te passamos a informa\u00e7\u00e3o.<\/p>\n\n\n\n<h4 class=\"wp-block-heading\"><strong>Prazo para entrega<\/strong><\/h4>\n\n\n\n<p>Depois que o pagamento \u00e9 creditado em nossa conta, partimos para separa\u00e7\u00e3o e embalamento dos produtos, caso haja algum ajuste de produto a ser feito entramos em contato pelo Whatsapp. Finalizando a embalagem agendamos a recolha, que \u00e9 sempre realizada at\u00e9 as 14h, abaixo&nbsp; segue a estimativa de entrega por pa\u00eds:<\/p>\n\n\n\n<figure class=\"wp-block-table\"><table><thead><tr><th>PA\u00cdSES<\/th><th>TEMPO ESTIMADO DE ENTREGA&nbsp; \u2013 DIAS \u00daTEIS<\/th><\/tr><\/thead><tbody><tr><td><strong>ALEMANHA<\/strong><\/td><td>3 \u2013 5<\/td><\/tr><tr><td><strong>\u00c1USTRIA<\/strong><\/td><td>3 -6<\/td><\/tr><tr><td><strong>B\u00c9LGICA<\/strong><\/td><td>4 -8<\/td><\/tr><tr><td><strong>BULG\u00c1RIA&nbsp;<\/strong><\/td><td>6 \u2013 9<\/td><\/tr><tr><td><strong>CRO\u00c1CIA<\/strong><\/td><td>6 -9<\/td><\/tr><tr><td><strong>DINAMARCA<\/strong><\/td><td>4&nbsp; \u2013 7<\/td><\/tr><tr><td><strong>ESLOV\u00c1QUIA&nbsp;<\/strong><\/td><td>4 \u2013 6<\/td><\/tr><tr><td><strong>ESLOVENIA&nbsp;<\/strong><\/td><td>4 \u2013 6<\/td><\/tr><tr><td><strong>ESPANHA<\/strong><\/td><td>1 \u2013 2<\/td><\/tr><tr><td><strong>ESPANHA (Baleares)<\/strong><\/td><td>1 \u2013 2<\/td><\/tr><tr><td><strong>EST\u00d3NIA&nbsp;<\/strong><\/td><td>5 \u2013 7<\/td><\/tr><tr><td><strong>FINL\u00c2NDIA&nbsp;<\/strong><\/td><td>6 \u2013 10<\/td><\/tr><tr><td><strong>GR\u00c9CIA<\/strong><\/td><td>5 \u2013 8<\/td><\/tr><tr><td><strong>HOLANDA&nbsp;<\/strong><\/td><td>5 \u2013 6<\/td><\/tr><tr><td><strong>HUNGRIA&nbsp;<\/strong><\/td><td>4 \u2013 8<\/td><\/tr><tr><td><strong>IRLANDA<\/strong><\/td><td>4 \u2013 10<\/td><\/tr><tr><td><strong>IT\u00c1LIA&nbsp;<\/strong><\/td><td>3 -5<\/td><\/tr><tr><td><strong>LET\u00d3NIA&nbsp;<\/strong><\/td><td>5 \u2013 7<\/td><\/tr><tr><td><strong>LITU\u00c1NIA&nbsp;<\/strong><\/td><td>5 \u2013 8<\/td><\/tr><tr><td><strong>LUXEMBURGO<\/strong><\/td><td>4 \u2013 6<\/td><\/tr><tr><td><strong>POL\u00d2NIA&nbsp;<\/strong><\/td><td>4 \u2013 8<\/td><\/tr><tr><td><strong>PORTUGAL CONTINENTAL<\/strong><\/td><td>1-2<\/td><\/tr><tr><td><strong>PORTUGAL ILHAS<\/strong><\/td><td>4 \u2013 5<\/td><\/tr><tr><td><strong>REP\u00daBLICA CHECA<\/strong><\/td><td>4 \u2013 7<\/td><\/tr><tr><td><strong>ROM\u00c9NIA<\/strong><\/td><td>5 \u2013 8<\/td><\/tr><tr><td><strong>SU\u00c9CIA&nbsp;<\/strong><\/td><td>4 \u2013 9<\/td><\/tr><\/tbody><\/table><\/figure>\n\n\n\n<ul>\n<li><em>Fran\u00e7a sob consulta<\/em><\/li>\n<\/ul>\n\n\n\n<h4 class=\"wp-block-heading\"><strong>Anomalias<\/strong><\/h4>\n\n\n\n<p>Ao receber a encomenda, deve verificar se todos os produtos est\u00e3o em bom estado e se n\u00e3o ocorreram danos durante o transporte. Deve reportar qualquer problema no prazo m\u00e1ximo de 2 dias do recebimento da encomenda, nos enviando fotos e filmes. Caso contr\u00e1rio, a mercadoria \u00e9 considerada entregue em perfeitas condi\u00e7\u00f5es.<\/p>","protected":false},"excerpt":{"rendered":"<p>Sobre Entrega e Frete\/Porte O valor do frete \u00e9 calculado automaticamente, a partir dos produtos selecionados por voc\u00ea[&#8230;]<\/p>","protected":false},"author":1,"featured_media":0,"parent":0,"menu_order":0,"comment_status":"closed","ping_status":"open","template":"","meta":{"inline_featured_image":false,"footnotes":""},"_links":{"self":[{"href":"https:\/\/mercadobrasiltropical.com\/en\/wp-json\/wp\/v2\/pages\/3"}],"collection":[{"href":"https:\/\/mercadobrasiltropical.com\/en\/wp-json\/wp\/v2\/pages"}],"about":[{"href":"https:\/\/mercadobrasiltropical.com\/en\/wp-json\/wp\/v2\/types\/page"}],"author":[{"embeddable":true,"href":"https:\/\/mercadobrasiltropical.com\/en\/wp-json\/wp\/v2\/users\/1"}],"replies":[{"embeddable":true,"href":"https:\/\/mercadobrasiltropical.com\/en\/wp-json\/wp\/v2\/comments?post=3"}],"version-history":[{"count":0,"href":"https:\/\/mercadobrasiltropical.com\/en\/wp-json\/wp\/v2\/pages\/3\/revisions"}],"wp:attachment":[{"href":"https:\/\/mercadobrasiltropical.com\/en\/wp-json\/wp\/v2\/media?parent=3"}],"curies":[{"name":"wp","href":"https:\/\/api.w.org\/{rel}","templated":true}]}}