{"id":9357,"date":"2023-10-04T01:54:27","date_gmt":"2023-10-04T04:54:27","guid":{"rendered":"https:\/\/mercadobrasiltropical.com\/?page_id=9357"},"modified":"2023-10-10T10:01:10","modified_gmt":"2023-10-10T13:01:10","slug":"politica-de-privacidade","status":"publish","type":"page","link":"https:\/\/mercadobrasiltropical.com\/en\/politica-de-privacidade\/","title":{"rendered":"Pol\u00edtica de Privacidade"},"content":{"rendered":"<p>LOCAL DE ARMAZENAMENTO DE DADOS Garantimos que seus dados sejam armazenados de forma segura. Os dados sens\u00edveis s\u00e3o de inteira responsabilidade da <strong>Revolut<\/strong>.<\/p>\n\n\n\n<p>DADOS CADASTRAIS Se voc\u00ea se registrar em nosso site, n\u00f3s armazenamos seu nome de usu\u00e1rio escolhido e seu endere\u00e7o de e-mail e qualquer informa\u00e7\u00e3o pessoal adicionada ao seu perfil de usu\u00e1rio. Voc\u00ea pode ver, editar ou excluir suas informa\u00e7\u00f5es pessoais a qualquer momento (exceto alterar seu nome de usu\u00e1rio). Administradores de sites tamb\u00e9m podem ver e editar essas informa\u00e7\u00f5es.<\/p>\n\n\n\n<p>FORMUL\u00c1RIO DE CONTATO As informa\u00e7\u00f5es enviadas atrav\u00e9s do formul\u00e1rio de contato em nosso site s\u00e3o enviadas para o email da nossa empresa, hospedado pela Hostinger PT.<\/p>\n\n\n\n<p>Esses envios s\u00e3o mantidos apenas para fins de atendimento ao cliente, nunca usados \u200b\u200bpara fins de marketing ou compartilhados com terceiros.<\/p>\n\n\n\n<p>GOOGLE ANALYTICS Usamos o Google Analytics em nosso site para an\u00e1lise an\u00f4nima do uso do site. Portanto, nenhum dado personalizado \u00e9 armazenado.<\/p>\n\n\n\n<p>CASOS PARA USAR OS DADOS PESSOAIS N\u00f3s usamos suas informa\u00e7\u00f5es pessoais nos seguintes casos:<\/p>\n\n\n\n<ul>\n<li>Verifica\u00e7\u00e3o \/ identifica\u00e7\u00e3o do usu\u00e1rio durante o uso do site; <\/li>\n\n\n\n<li>Presta\u00e7\u00e3o de Assist\u00eancia T\u00e9cnica; Envio de atualiza\u00e7\u00f5es aos nossos usu\u00e1rios com informa\u00e7\u00f5es importantes para informar sobre novidades \/ mudan\u00e7as; <\/li>\n\n\n\n<li>Verificar a atividade das contas para evitar transa\u00e7\u00f5es fraudulentas e garantir a seguran\u00e7a sobre as informa\u00e7\u00f5es pessoais de nossos clientes; <\/li>\n\n\n\n<li>Personalizar o site para tornar sua experi\u00eancia mais pessoal e envolvente; <\/li>\n\n\n\n<li>Garantir o desempenho geral e as fun\u00e7\u00f5es administrativas sejam executadas sem problemas.<\/li>\n<\/ul>","protected":false},"excerpt":{"rendered":"<p>LOCAL DE ARMAZENAMENTO DE DADOS Garantimos que seus dados sejam armazenados de forma segura. Os dados sens\u00edveis s\u00e3o[&#8230;]<\/p>","protected":false},"author":1,"featured_media":0,"parent":0,"menu_order":0,"comment_status":"closed","ping_status":"closed","template":"","meta":{"inline_featured_image":false,"footnotes":""},"_links":{"self":[{"href":"https:\/\/mercadobrasiltropical.com\/en\/wp-json\/wp\/v2\/pages\/9357"}],"collection":[{"href":"https:\/\/mercadobrasiltropical.com\/en\/wp-json\/wp\/v2\/pages"}],"about":[{"href":"https:\/\/mercadobrasiltropical.com\/en\/wp-json\/wp\/v2\/types\/page"}],"author":[{"embeddable":true,"href":"https:\/\/mercadobrasiltropical.com\/en\/wp-json\/wp\/v2\/users\/1"}],"replies":[{"embeddable":true,"href":"https:\/\/mercadobrasiltropical.com\/en\/wp-json\/wp\/v2\/comments?post=9357"}],"version-history":[{"count":0,"href":"https:\/\/mercadobrasiltropical.com\/en\/wp-json\/wp\/v2\/pages\/9357\/revisions"}],"wp:attachment":[{"href":"https:\/\/mercadobrasiltropical.com\/en\/wp-json\/wp\/v2\/media?parent=9357"}],"curies":[{"name":"wp","href":"https:\/\/api.w.org\/{rel}","templated":true}]}}