{"id":8550,"date":"2023-05-11T16:51:05","date_gmt":"2023-05-11T19:51:05","guid":{"rendered":"https:\/\/brasil.bioana.com\/?post_type=product&#038;p=8550"},"modified":"2023-10-01T13:55:53","modified_gmt":"2023-10-01T16:55:53","slug":"cafe-pele-extraforte-250g","status":"publish","type":"product","link":"https:\/\/mercadobrasiltropical.com\/en\/shop\/sem-categoria\/cafe-pele-extraforte-250g\/","title":{"rendered":"CAF\u00c9 PEL\u00c9 EXTRAFORTE 250G"},"content":{"rendered":"<p>CAF\u00c9 PEL\u00c9 EXTRAFORTE<\/p>","protected":false},"excerpt":{"rendered":"<p>CAF\u00c9 PEL\u00c9 EXTRAFORTE<\/p>","protected":false},"featured_media":8509,"comment_status":"open","ping_status":"closed","template":"","meta":{"inline_featured_image":false},"product_cat":[67,64],"product_tag":[],"_links":{"self":[{"href":"https:\/\/mercadobrasiltropical.com\/en\/wp-json\/wp\/v2\/product\/8550"}],"collection":[{"href":"https:\/\/mercadobrasiltropical.com\/en\/wp-json\/wp\/v2\/product"}],"about":[{"href":"https:\/\/mercadobrasiltropical.com\/en\/wp-json\/wp\/v2\/types\/product"}],"replies":[{"embeddable":true,"href":"https:\/\/mercadobrasiltropical.com\/en\/wp-json\/wp\/v2\/comments?post=8550"}],"wp:featuredmedia":[{"embeddable":true,"href":"https:\/\/mercadobrasiltropical.com\/en\/wp-json\/wp\/v2\/media\/8509"}],"wp:attachment":[{"href":"https:\/\/mercadobrasiltropical.com\/en\/wp-json\/wp\/v2\/media?parent=8550"}],"wp:term":[{"taxonomy":"product_cat","embeddable":true,"href":"https:\/\/mercadobrasiltropical.com\/en\/wp-json\/wp\/v2\/product_cat?post=8550"},{"taxonomy":"product_tag","embeddable":true,"href":"https:\/\/mercadobrasiltropical.com\/en\/wp-json\/wp\/v2\/product_tag?post=8550"}],"curies":[{"name":"wp","href":"https:\/\/api.w.org\/{rel}","templated":true}]}}