{"id":8672,"date":"2023-05-11T17:08:58","date_gmt":"2023-05-11T20:08:58","guid":{"rendered":"https:\/\/brasil.bioana.com\/?post_type=product&#038;p=8672"},"modified":"2023-10-01T13:50:10","modified_gmt":"2023-10-01T16:50:10","slug":"flocao-sinha-500g","status":"publish","type":"product","link":"https:\/\/mercadobrasiltropical.com\/en\/shop\/farinaceo\/flocao-sinha-500g\/","title":{"rendered":"FLO\u00c7\u00c3O SINHA 500G"},"content":{"rendered":"<p><strong>FLO\u00c7\u00c3O SINHA 500G<\/strong><\/p>","protected":false},"excerpt":{"rendered":"<p><strong>FLO\u00c7\u00c3O SINHA 500G<\/strong><\/p>","protected":false},"featured_media":9115,"comment_status":"open","ping_status":"closed","template":"","meta":{"inline_featured_image":false},"product_cat":[63,90,64],"product_tag":[],"_links":{"self":[{"href":"https:\/\/mercadobrasiltropical.com\/en\/wp-json\/wp\/v2\/product\/8672"}],"collection":[{"href":"https:\/\/mercadobrasiltropical.com\/en\/wp-json\/wp\/v2\/product"}],"about":[{"href":"https:\/\/mercadobrasiltropical.com\/en\/wp-json\/wp\/v2\/types\/product"}],"replies":[{"embeddable":true,"href":"https:\/\/mercadobrasiltropical.com\/en\/wp-json\/wp\/v2\/comments?post=8672"}],"wp:featuredmedia":[{"embeddable":true,"href":"https:\/\/mercadobrasiltropical.com\/en\/wp-json\/wp\/v2\/media\/9115"}],"wp:attachment":[{"href":"https:\/\/mercadobrasiltropical.com\/en\/wp-json\/wp\/v2\/media?parent=8672"}],"wp:term":[{"taxonomy":"product_cat","embeddable":true,"href":"https:\/\/mercadobrasiltropical.com\/en\/wp-json\/wp\/v2\/product_cat?post=8672"},{"taxonomy":"product_tag","embeddable":true,"href":"https:\/\/mercadobrasiltropical.com\/en\/wp-json\/wp\/v2\/product_tag?post=8672"}],"curies":[{"name":"wp","href":"https:\/\/api.w.org\/{rel}","templated":true}]}}