{"id":8792,"date":"2023-05-11T17:14:32","date_gmt":"2023-05-11T20:14:32","guid":{"rendered":"https:\/\/brasil.bioana.com\/?post_type=product&#038;p=8792"},"modified":"2023-10-01T13:43:58","modified_gmt":"2023-10-01T16:43:58","slug":"vinho-pergola-selecao-suave-750ml","status":"publish","type":"product","link":"https:\/\/mercadobrasiltropical.com\/en\/shop\/sem-categoria\/vinho-pergola-selecao-suave-750ml\/","title":{"rendered":"VINHO PERGOLA SELE\u00c7\u00c3O SUAVE 750ML"},"content":{"rendered":"<p>VINHO PERGOLA SELE\u00c7\u00c3O SUAVE<\/p>","protected":false},"excerpt":{"rendered":"<p>VINHO PERGOLA SELE\u00c7\u00c3O SUAVE<\/p>","protected":false},"featured_media":0,"comment_status":"open","ping_status":"closed","template":"","meta":{"inline_featured_image":false},"product_cat":[66,64],"product_tag":[],"_links":{"self":[{"href":"https:\/\/mercadobrasiltropical.com\/en\/wp-json\/wp\/v2\/product\/8792"}],"collection":[{"href":"https:\/\/mercadobrasiltropical.com\/en\/wp-json\/wp\/v2\/product"}],"about":[{"href":"https:\/\/mercadobrasiltropical.com\/en\/wp-json\/wp\/v2\/types\/product"}],"replies":[{"embeddable":true,"href":"https:\/\/mercadobrasiltropical.com\/en\/wp-json\/wp\/v2\/comments?post=8792"}],"wp:attachment":[{"href":"https:\/\/mercadobrasiltropical.com\/en\/wp-json\/wp\/v2\/media?parent=8792"}],"wp:term":[{"taxonomy":"product_cat","embeddable":true,"href":"https:\/\/mercadobrasiltropical.com\/en\/wp-json\/wp\/v2\/product_cat?post=8792"},{"taxonomy":"product_tag","embeddable":true,"href":"https:\/\/mercadobrasiltropical.com\/en\/wp-json\/wp\/v2\/product_tag?post=8792"}],"curies":[{"name":"wp","href":"https:\/\/api.w.org\/{rel}","templated":true}]}}