{"id":9173,"date":"2023-09-30T14:28:20","date_gmt":"2023-09-30T17:28:20","guid":{"rendered":"https:\/\/mercadobrasiltropical.com\/?post_type=product&#038;p=9173"},"modified":"2023-10-01T13:36:56","modified_gmt":"2023-10-01T16:36:56","slug":"rosquinhas-sabor-leite-mabel-350g","status":"publish","type":"product","link":"https:\/\/mercadobrasiltropical.com\/en\/shop\/sem-categoria\/rosquinhas-sabor-leite-mabel-350g\/","title":{"rendered":"Rosquinhas sabor leite Mabel 350g"},"content":{"rendered":"<p><b>Ingredientes:<\/b><br \/>\nFarinha de trigo enriquecida com ferro e \u00e1cido f\u00f3lico, a\u00e7\u00facar, amido de milho e\/ ou f\u00e9culas de mandioca ou arroz, gordura vegetal hidrogenada, a\u00e7\u00facar invertido, leite, sal refinado, fermentos qu\u00edmicos ( bicarbonato de s\u00f3dio, bicarbonato de am\u00f4nio e pirofosfato \u00e1cido \u00e1cido de s\u00f3dio), estabilizante lecitina de soja, aromatizante.<br \/>\n<b>CONT\u00c9M GL\u00daTEN.<\/b><\/p>","protected":false},"excerpt":{"rendered":"<p>Ingredientes: Farinha de trigo enriquecida com ferro e \u00e1cido f\u00f3lico, a\u00e7\u00facar, amido de milho e\/ ou f\u00e9culas de[&#8230;]<\/p>","protected":false},"featured_media":9174,"comment_status":"open","ping_status":"closed","template":"","meta":{"inline_featured_image":false},"product_cat":[70,64],"product_tag":[],"_links":{"self":[{"href":"https:\/\/mercadobrasiltropical.com\/en\/wp-json\/wp\/v2\/product\/9173"}],"collection":[{"href":"https:\/\/mercadobrasiltropical.com\/en\/wp-json\/wp\/v2\/product"}],"about":[{"href":"https:\/\/mercadobrasiltropical.com\/en\/wp-json\/wp\/v2\/types\/product"}],"replies":[{"embeddable":true,"href":"https:\/\/mercadobrasiltropical.com\/en\/wp-json\/wp\/v2\/comments?post=9173"}],"wp:featuredmedia":[{"embeddable":true,"href":"https:\/\/mercadobrasiltropical.com\/en\/wp-json\/wp\/v2\/media\/9174"}],"wp:attachment":[{"href":"https:\/\/mercadobrasiltropical.com\/en\/wp-json\/wp\/v2\/media?parent=9173"}],"wp:term":[{"taxonomy":"product_cat","embeddable":true,"href":"https:\/\/mercadobrasiltropical.com\/en\/wp-json\/wp\/v2\/product_cat?post=9173"},{"taxonomy":"product_tag","embeddable":true,"href":"https:\/\/mercadobrasiltropical.com\/en\/wp-json\/wp\/v2\/product_tag?post=9173"}],"curies":[{"name":"wp","href":"https:\/\/api.w.org\/{rel}","templated":true}]}}