{"id":9237,"date":"2023-10-02T10:03:58","date_gmt":"2023-10-02T13:03:58","guid":{"rendered":"https:\/\/mercadobrasiltropical.com\/?post_type=product&#038;p=9237"},"modified":"2023-10-02T12:50:41","modified_gmt":"2023-10-02T15:50:41","slug":"erva-mate-barao-tradicional-a-vacuo-1-kg","status":"publish","type":"product","link":"https:\/\/mercadobrasiltropical.com\/en\/shop\/sem-categoria\/erva-mate-barao-tradicional-a-vacuo-1-kg\/","title":{"rendered":"ERVA MATE BAR\u00c3O TRADICIONAL A V\u00c1CUO 1 kg."},"content":{"rendered":"<p><strong>\u00a0Mate Bar\u00e3o Tradicional &#8211; V\u00e1cuo<\/strong><\/p>\n<p>A Erva-mate Bar\u00e3o Tradicional \u00e9 produzida com um blend especial que valoriza a qualidade dos ervais cultivados na regi\u00e3o de Bar\u00e3o de Cotegipe. Sua secagem \u00e9 realizada em secador rotativo, que confere a erva-mate uma cor mais intensa, um sabor herbal fresco levemente tostado e defumado. Embalada a v\u00e1cuo para garantir o frescor do sabor e da cor da erva-mate por at\u00e9 2 anos.<\/p>\n<p><em>Indicado para quem procura um chimarr\u00e3o com sabor suave de tradi\u00e7\u00e3o<\/em><\/p>\n<p>Embalagem pl\u00e1stica laminada<br \/>\nPeso: 500G<\/p>\n<p>Padr\u00e3o: Brasileiro<br \/>\nVariedade: Blend de ervais nativos e cultivados<br \/>\nProcesso:\u00a0 Secador rotativo e moagem em pil\u00e3o<\/p>\n<p>SEM ADI\u00c7\u00c3O DE A\u00c7\u00daCAR<\/p>","protected":false},"excerpt":{"rendered":"<p>\u00a0Mate Bar\u00e3o Tradicional &#8211; V\u00e1cuo A Erva-mate Bar\u00e3o Tradicional \u00e9 produzida com um blend especial que valoriza a[&#8230;]<\/p>","protected":false},"featured_media":9238,"comment_status":"open","ping_status":"closed","template":"","meta":{"inline_featured_image":false},"product_cat":[67,64],"product_tag":[],"_links":{"self":[{"href":"https:\/\/mercadobrasiltropical.com\/en\/wp-json\/wp\/v2\/product\/9237"}],"collection":[{"href":"https:\/\/mercadobrasiltropical.com\/en\/wp-json\/wp\/v2\/product"}],"about":[{"href":"https:\/\/mercadobrasiltropical.com\/en\/wp-json\/wp\/v2\/types\/product"}],"replies":[{"embeddable":true,"href":"https:\/\/mercadobrasiltropical.com\/en\/wp-json\/wp\/v2\/comments?post=9237"}],"wp:featuredmedia":[{"embeddable":true,"href":"https:\/\/mercadobrasiltropical.com\/en\/wp-json\/wp\/v2\/media\/9238"}],"wp:attachment":[{"href":"https:\/\/mercadobrasiltropical.com\/en\/wp-json\/wp\/v2\/media?parent=9237"}],"wp:term":[{"taxonomy":"product_cat","embeddable":true,"href":"https:\/\/mercadobrasiltropical.com\/en\/wp-json\/wp\/v2\/product_cat?post=9237"},{"taxonomy":"product_tag","embeddable":true,"href":"https:\/\/mercadobrasiltropical.com\/en\/wp-json\/wp\/v2\/product_tag?post=9237"}],"curies":[{"name":"wp","href":"https:\/\/api.w.org\/{rel}","templated":true}]}}