{"id":9241,"date":"2023-10-02T10:13:02","date_gmt":"2023-10-02T13:13:02","guid":{"rendered":"https:\/\/mercadobrasiltropical.com\/?post_type=product&#038;p=9241"},"modified":"2023-10-02T12:50:40","modified_gmt":"2023-10-02T15:50:40","slug":"erva-mate-barao-nativa-vacuo-500g","status":"publish","type":"product","link":"https:\/\/mercadobrasiltropical.com\/en\/shop\/sem-categoria\/erva-mate-barao-nativa-vacuo-500g\/","title":{"rendered":"Erva Mate Bar\u00e3o Nativa &#8211; V\u00e1cuo 500G"},"content":{"rendered":"<p><strong>Erva Mate Bar\u00e3o Nativa &#8211; V\u00e1cuo<\/strong><\/p>\n<p>A Erva-mate Bar\u00e3o Nativa \u00e9 produzida com um blend de ervais nativos de diferentes regi\u00f5es do Paran\u00e1 com excelente qualidade. A secagem \u00e9 realizada em um secador de esteiras com ar quente, em temperaturas mais baixas e sem contato com a fuma\u00e7a, conferindo o sabor mais puro e fresco da erva-mate. Embalada a v\u00e1cuo para garantir o frescor do sabor e da cor da erva-mate por at\u00e9 2 anos.<\/p>\n<p><em>Indicado para quem busca um chimarr\u00e3o mais encorpado e fresco.<\/em><\/p>\n<p>Embalagem pl\u00e1stica laminada<br \/>\nPeso: 500G<\/p>\n<p>&nbsp;<\/p>\n<p>Padr\u00e3o: Brasileiro<br \/>\nVariedade: Blend de ervais nativos<br \/>\nProcesso:\u00a0 Secador de esteira e moagem em pil\u00e3o<\/p>\n<p>SEM ADI\u00c7\u00c3O DE A\u00c7\u00daCAR<br \/>\nSEM FUMA\u00c7A<\/p>","protected":false},"excerpt":{"rendered":"<p>Erva Mate Bar\u00e3o Nativa &#8211; V\u00e1cuo A Erva-mate Bar\u00e3o Nativa \u00e9 produzida com um blend de ervais nativos[&#8230;]<\/p>","protected":false},"featured_media":9244,"comment_status":"open","ping_status":"closed","template":"","meta":{"inline_featured_image":false},"product_cat":[67,64],"product_tag":[],"_links":{"self":[{"href":"https:\/\/mercadobrasiltropical.com\/en\/wp-json\/wp\/v2\/product\/9241"}],"collection":[{"href":"https:\/\/mercadobrasiltropical.com\/en\/wp-json\/wp\/v2\/product"}],"about":[{"href":"https:\/\/mercadobrasiltropical.com\/en\/wp-json\/wp\/v2\/types\/product"}],"replies":[{"embeddable":true,"href":"https:\/\/mercadobrasiltropical.com\/en\/wp-json\/wp\/v2\/comments?post=9241"}],"wp:featuredmedia":[{"embeddable":true,"href":"https:\/\/mercadobrasiltropical.com\/en\/wp-json\/wp\/v2\/media\/9244"}],"wp:attachment":[{"href":"https:\/\/mercadobrasiltropical.com\/en\/wp-json\/wp\/v2\/media?parent=9241"}],"wp:term":[{"taxonomy":"product_cat","embeddable":true,"href":"https:\/\/mercadobrasiltropical.com\/en\/wp-json\/wp\/v2\/product_cat?post=9241"},{"taxonomy":"product_tag","embeddable":true,"href":"https:\/\/mercadobrasiltropical.com\/en\/wp-json\/wp\/v2\/product_tag?post=9241"}],"curies":[{"name":"wp","href":"https:\/\/api.w.org\/{rel}","templated":true}]}}