{"id":9242,"date":"2023-10-02T10:15:34","date_gmt":"2023-10-02T13:15:34","guid":{"rendered":"https:\/\/mercadobrasiltropical.com\/?post_type=product&#038;p=9242"},"modified":"2023-10-02T12:50:40","modified_gmt":"2023-10-02T15:50:40","slug":"erva-mate-barao-premium-vacuo-1kg","status":"publish","type":"product","link":"https:\/\/mercadobrasiltropical.com\/en\/shop\/sem-categoria\/erva-mate-barao-premium-vacuo-1kg\/","title":{"rendered":"Erva Mate Bar\u00e3o Premium &#8211; V\u00e1cuo 1KG"},"content":{"rendered":"<section class=\"inside-descr prod_descr\">\n<div class=\"descr-wrapper text\">\n<p><strong>Erva Mate Bar\u00e3o Premium &#8211; V\u00e1cuo<\/strong><\/p>\n<p>A Erva-mate Bar\u00e3o Premium \u00e9 produzida a partir de ervais selecionados do Paran\u00e1, cultivados no seu ambiente nativo, em meio as Arauc\u00e1rias. A secagem \u00e9 realizada em um secador de esteiras com ar quente, em temperaturas mais baixas e sem contato com a fuma\u00e7a, conferindo o sabor da mais pura erva-mate e valorizando o terroir da regi\u00e3o de Pinh\u00e3o &#8211; PR. Foi a primeira erva-mate embalada a v\u00e1cuo, processo que garante o frescor do sabor e da cor da erva-mate por at\u00e9 2 anos.<\/p>\n<p><em>Indicado para quem quer degustar um chimarr\u00e3o com sabor refinado<\/em><\/p>\n<p>Embalagem pl\u00e1stica laminada em caixa de papel<br \/>\nPeso: 1kg<\/p>\n<p>&nbsp;<\/p>\n<p>Padr\u00e3o: Brasileiro<br \/>\nVariedade: Ervais nativos selecionados<br \/>\nProcesso:\u00a0 Secador de esteira e moagem em pil\u00e3o<\/p>\n<p>SEM ADI\u00c7\u00c3O DE A\u00c7\u00daCAR<br \/>\nSEM FUMA\u00c7A<\/p>\n<\/div>\n<\/section>\n<div class=\"clearboth\"><\/div>\n<div class=\"clearboth\"><\/div>","protected":false},"excerpt":{"rendered":"<p>Erva Mate Bar\u00e3o Premium &#8211; V\u00e1cuo A Erva-mate Bar\u00e3o Premium \u00e9 produzida a partir de ervais selecionados do[&#8230;]<\/p>","protected":false},"featured_media":9243,"comment_status":"open","ping_status":"closed","template":"","meta":{"inline_featured_image":false},"product_cat":[67,64],"product_tag":[],"_links":{"self":[{"href":"https:\/\/mercadobrasiltropical.com\/en\/wp-json\/wp\/v2\/product\/9242"}],"collection":[{"href":"https:\/\/mercadobrasiltropical.com\/en\/wp-json\/wp\/v2\/product"}],"about":[{"href":"https:\/\/mercadobrasiltropical.com\/en\/wp-json\/wp\/v2\/types\/product"}],"replies":[{"embeddable":true,"href":"https:\/\/mercadobrasiltropical.com\/en\/wp-json\/wp\/v2\/comments?post=9242"}],"wp:featuredmedia":[{"embeddable":true,"href":"https:\/\/mercadobrasiltropical.com\/en\/wp-json\/wp\/v2\/media\/9243"}],"wp:attachment":[{"href":"https:\/\/mercadobrasiltropical.com\/en\/wp-json\/wp\/v2\/media?parent=9242"}],"wp:term":[{"taxonomy":"product_cat","embeddable":true,"href":"https:\/\/mercadobrasiltropical.com\/en\/wp-json\/wp\/v2\/product_cat?post=9242"},{"taxonomy":"product_tag","embeddable":true,"href":"https:\/\/mercadobrasiltropical.com\/en\/wp-json\/wp\/v2\/product_tag?post=9242"}],"curies":[{"name":"wp","href":"https:\/\/api.w.org\/{rel}","templated":true}]}}