{"id":9245,"date":"2023-10-02T11:42:48","date_gmt":"2023-10-02T14:42:48","guid":{"rendered":"https:\/\/mercadobrasiltropical.com\/?post_type=product&#038;p=9245"},"modified":"2023-10-02T12:50:40","modified_gmt":"2023-10-02T15:50:40","slug":"terere-barao-menta-ice-500g","status":"publish","type":"product","link":"https:\/\/mercadobrasiltropical.com\/en\/shop\/sem-categoria\/terere-barao-menta-ice-500g\/","title":{"rendered":"TERER\u00c9 BAR\u00c3O MENTA ICE 500G"},"content":{"rendered":"<p>TERER\u00c9 BAR\u00c3O MENTA ICE<br \/>\nO Terer\u00e9 Bar\u00e3o \u00e9 erva-mate cultivada produzida pelo processo tradicional, com moagem espec\u00edfica para terer\u00e9, com adi\u00e7\u00e3o de aromas de menta ice. Os sabores de menta ice junto com a erva-mate causam uma sensa\u00e7\u00e3o de frescor e relaxamento.<br \/>\nGranulometria diferenciada, produto de alta qualidade, indicado para a ser consumido com \u00e1gua gelada ou com suco de sua prefer\u00eancia.<br \/>\nEste produto pode ser consumido como ch\u00e1 ou suco em difusores de ch\u00e1, cafeteiras, cafeteiras francesas ou Pressca.<\/p>\n<p>Peso: 500g<\/p>\n<p>INFORMA\u00c7\u00c3O NUTRICIONAL: Por\u00e7\u00e3o 200mL de infus\u00e3o (1 x\u00edcara de ch\u00e1); Valor energ\u00e9tico 11kcal = 45kJ (1%VD)*; Carboidratos 2g (1%VD); S\u00f3dio 14mg (1%VD). \u201cN\u00e3o cont\u00e9m quantidade significativa de prote\u00ednas, gorduras totais, gorduras saturadas, gorduras trans e fibra alimentar.\u201d *% Valores Di\u00e1rios com base em uma dieta de 2.000 kcal ou 8400 kJ. Seus valores di\u00e1rios podem ser maiores ou menores dependendo de suas necessidades energ\u00e9ticas.<\/p>\n<p>SEM ADI\u00c7\u00c3O DE A\u00c7\u00daCAR<\/p>","protected":false},"excerpt":{"rendered":"<p>TERER\u00c9 BAR\u00c3O MENTA ICE O Terer\u00e9 Bar\u00e3o \u00e9 erva-mate cultivada produzida pelo processo tradicional, com moagem espec\u00edfica para[&#8230;]<\/p>","protected":false},"featured_media":9246,"comment_status":"open","ping_status":"closed","template":"","meta":{"inline_featured_image":false},"product_cat":[67,64],"product_tag":[],"_links":{"self":[{"href":"https:\/\/mercadobrasiltropical.com\/en\/wp-json\/wp\/v2\/product\/9245"}],"collection":[{"href":"https:\/\/mercadobrasiltropical.com\/en\/wp-json\/wp\/v2\/product"}],"about":[{"href":"https:\/\/mercadobrasiltropical.com\/en\/wp-json\/wp\/v2\/types\/product"}],"replies":[{"embeddable":true,"href":"https:\/\/mercadobrasiltropical.com\/en\/wp-json\/wp\/v2\/comments?post=9245"}],"wp:featuredmedia":[{"embeddable":true,"href":"https:\/\/mercadobrasiltropical.com\/en\/wp-json\/wp\/v2\/media\/9246"}],"wp:attachment":[{"href":"https:\/\/mercadobrasiltropical.com\/en\/wp-json\/wp\/v2\/media?parent=9245"}],"wp:term":[{"taxonomy":"product_cat","embeddable":true,"href":"https:\/\/mercadobrasiltropical.com\/en\/wp-json\/wp\/v2\/product_cat?post=9245"},{"taxonomy":"product_tag","embeddable":true,"href":"https:\/\/mercadobrasiltropical.com\/en\/wp-json\/wp\/v2\/product_tag?post=9245"}],"curies":[{"name":"wp","href":"https:\/\/api.w.org\/{rel}","templated":true}]}}