{"id":9304,"date":"2023-10-03T14:24:07","date_gmt":"2023-10-03T17:24:07","guid":{"rendered":"https:\/\/mercadobrasiltropical.com\/?post_type=product&#038;p=9304"},"modified":"2023-10-03T14:24:07","modified_gmt":"2023-10-03T17:24:07","slug":"azeite-de-dende-200g","status":"publish","type":"product","link":"https:\/\/mercadobrasiltropical.com\/en\/shop\/sem-categoria\/azeite-de-dende-200g\/","title":{"rendered":"Azeite de Dend\u00ea 200G"},"content":{"rendered":"<p>Dissolve e adere melhor na prepara\u00e7\u00e3o dos pratos. Filtrado, sem impurezas. Produzido a partir de frutos provindos de planta\u00e7\u00f5es jovens que permitem um sabor intenso. Ingredientes:\u00a0\u00d3leo de palma. N\u00e3o cont\u00e9m Gl\u00faten. Al\u00e9rgicos: pode conter soja.<\/p>","protected":false},"excerpt":{"rendered":"<p>Dissolve e adere melhor na prepara\u00e7\u00e3o dos pratos. Filtrado, sem impurezas. Produzido a partir de frutos provindos de[&#8230;]<\/p>","protected":false},"featured_media":9305,"comment_status":"open","ping_status":"closed","template":"","meta":{"inline_featured_image":false},"product_cat":[90,73,64],"product_tag":[],"_links":{"self":[{"href":"https:\/\/mercadobrasiltropical.com\/en\/wp-json\/wp\/v2\/product\/9304"}],"collection":[{"href":"https:\/\/mercadobrasiltropical.com\/en\/wp-json\/wp\/v2\/product"}],"about":[{"href":"https:\/\/mercadobrasiltropical.com\/en\/wp-json\/wp\/v2\/types\/product"}],"replies":[{"embeddable":true,"href":"https:\/\/mercadobrasiltropical.com\/en\/wp-json\/wp\/v2\/comments?post=9304"}],"wp:featuredmedia":[{"embeddable":true,"href":"https:\/\/mercadobrasiltropical.com\/en\/wp-json\/wp\/v2\/media\/9305"}],"wp:attachment":[{"href":"https:\/\/mercadobrasiltropical.com\/en\/wp-json\/wp\/v2\/media?parent=9304"}],"wp:term":[{"taxonomy":"product_cat","embeddable":true,"href":"https:\/\/mercadobrasiltropical.com\/en\/wp-json\/wp\/v2\/product_cat?post=9304"},{"taxonomy":"product_tag","embeddable":true,"href":"https:\/\/mercadobrasiltropical.com\/en\/wp-json\/wp\/v2\/product_tag?post=9304"}],"curies":[{"name":"wp","href":"https:\/\/api.w.org\/{rel}","templated":true}]}}