{"id":9317,"date":"2023-10-03T14:56:20","date_gmt":"2023-10-03T17:56:20","guid":{"rendered":"https:\/\/mercadobrasiltropical.com\/?post_type=product&#038;p=9317"},"modified":"2023-10-03T14:56:20","modified_gmt":"2023-10-03T17:56:20","slug":"pimenta-malagueta-madura-50g","status":"publish","type":"product","link":"https:\/\/mercadobrasiltropical.com\/en\/shop\/sem-categoria\/pimenta-malagueta-madura-50g\/","title":{"rendered":"Pimenta Malagueta Madura 50g"},"content":{"rendered":"<div>Indicada para preparo de pratos a base de peixes e carnes. Ingredientes:\u00a0Pimenta-malagueta vermelha, vinagre e sal. N\u00e3o cont\u00e9m Gl\u00faten.<\/div>\n<p class=\"mt-4\"><img decoding=\"async\" class=\"lazyload selo\" src=\"data:image\/gif;base64,R0lGODlhAQABAAAAACH5BAEKAAEALAAAAAABAAEAAAICTAEAOw==\" data-src=\"https:\/\/www.cepera.com.br\/cms\/wp-content\/themes\/cepera\/images\/selos\/selo_descarte_seletivo.jpg\" \/>\u00a0<img decoding=\"async\" class=\"lazyload selo\" src=\"data:image\/gif;base64,R0lGODlhAQABAAAAACH5BAEKAAEALAAAAAABAAEAAAICTAEAOw==\" data-src=\"https:\/\/www.cepera.com.br\/cms\/wp-content\/themes\/cepera\/images\/selos\/selo_papel_reciclavel.jpg\" \/>\u00a0<img decoding=\"async\" class=\"lazyload selo\" src=\"data:image\/gif;base64,R0lGODlhAQABAAAAACH5BAEKAAEALAAAAAABAAEAAAICTAEAOw==\" data-src=\"https:\/\/www.cepera.com.br\/cms\/wp-content\/themes\/cepera\/images\/selos\/selo_pead.jpg\" \/>\u00a0<img decoding=\"async\" class=\"lazyload selo\" src=\"data:image\/gif;base64,R0lGODlhAQABAAAAACH5BAEKAAEALAAAAAABAAEAAAICTAEAOw==\" data-src=\"https:\/\/www.cepera.com.br\/cms\/wp-content\/themes\/cepera\/images\/selos\/selo_pet.jpg\" \/><\/p>","protected":false},"excerpt":{"rendered":"<p>Indicada para preparo de pratos a base de peixes e carnes. Ingredientes:\u00a0Pimenta-malagueta vermelha, vinagre e sal. N\u00e3o cont\u00e9m[&#8230;]<\/p>","protected":false},"featured_media":9318,"comment_status":"open","ping_status":"closed","template":"","meta":{"inline_featured_image":false},"product_cat":[90,73,64],"product_tag":[],"_links":{"self":[{"href":"https:\/\/mercadobrasiltropical.com\/en\/wp-json\/wp\/v2\/product\/9317"}],"collection":[{"href":"https:\/\/mercadobrasiltropical.com\/en\/wp-json\/wp\/v2\/product"}],"about":[{"href":"https:\/\/mercadobrasiltropical.com\/en\/wp-json\/wp\/v2\/types\/product"}],"replies":[{"embeddable":true,"href":"https:\/\/mercadobrasiltropical.com\/en\/wp-json\/wp\/v2\/comments?post=9317"}],"wp:featuredmedia":[{"embeddable":true,"href":"https:\/\/mercadobrasiltropical.com\/en\/wp-json\/wp\/v2\/media\/9318"}],"wp:attachment":[{"href":"https:\/\/mercadobrasiltropical.com\/en\/wp-json\/wp\/v2\/media?parent=9317"}],"wp:term":[{"taxonomy":"product_cat","embeddable":true,"href":"https:\/\/mercadobrasiltropical.com\/en\/wp-json\/wp\/v2\/product_cat?post=9317"},{"taxonomy":"product_tag","embeddable":true,"href":"https:\/\/mercadobrasiltropical.com\/en\/wp-json\/wp\/v2\/product_tag?post=9317"}],"curies":[{"name":"wp","href":"https:\/\/api.w.org\/{rel}","templated":true}]}}