{"id":9319,"date":"2023-10-03T14:58:39","date_gmt":"2023-10-03T17:58:39","guid":{"rendered":"https:\/\/mercadobrasiltropical.com\/?post_type=product&#038;p=9319"},"modified":"2023-10-03T14:58:39","modified_gmt":"2023-10-03T17:58:39","slug":"pimenta-malagueta-verde-50g","status":"publish","type":"product","link":"https:\/\/mercadobrasiltropical.com\/en\/shop\/sem-categoria\/pimenta-malagueta-verde-50g\/","title":{"rendered":"Pimenta Malagueta Verde 50g"},"content":{"rendered":"<p>Indicada para preparo de pratos a base de peixes e carnes. \u00c9 o fruto ainda n\u00e3o amadurecido. Ingredientes:\u00a0Pimenta-malagueta verde, vinagre e sal. N\u00e3o cont\u00e9m Gl\u00faten<\/p>","protected":false},"excerpt":{"rendered":"<p>Indicada para preparo de pratos a base de peixes e carnes. \u00c9 o fruto ainda n\u00e3o amadurecido. Ingredientes:\u00a0Pimenta-malagueta[&#8230;]<\/p>","protected":false},"featured_media":9320,"comment_status":"open","ping_status":"closed","template":"","meta":{"inline_featured_image":false},"product_cat":[90,73,64],"product_tag":[],"_links":{"self":[{"href":"https:\/\/mercadobrasiltropical.com\/en\/wp-json\/wp\/v2\/product\/9319"}],"collection":[{"href":"https:\/\/mercadobrasiltropical.com\/en\/wp-json\/wp\/v2\/product"}],"about":[{"href":"https:\/\/mercadobrasiltropical.com\/en\/wp-json\/wp\/v2\/types\/product"}],"replies":[{"embeddable":true,"href":"https:\/\/mercadobrasiltropical.com\/en\/wp-json\/wp\/v2\/comments?post=9319"}],"wp:featuredmedia":[{"embeddable":true,"href":"https:\/\/mercadobrasiltropical.com\/en\/wp-json\/wp\/v2\/media\/9320"}],"wp:attachment":[{"href":"https:\/\/mercadobrasiltropical.com\/en\/wp-json\/wp\/v2\/media?parent=9319"}],"wp:term":[{"taxonomy":"product_cat","embeddable":true,"href":"https:\/\/mercadobrasiltropical.com\/en\/wp-json\/wp\/v2\/product_cat?post=9319"},{"taxonomy":"product_tag","embeddable":true,"href":"https:\/\/mercadobrasiltropical.com\/en\/wp-json\/wp\/v2\/product_tag?post=9319"}],"curies":[{"name":"wp","href":"https:\/\/api.w.org\/{rel}","templated":true}]}}